{"id":1938,"date":"2014-12-23T09:52:16","date_gmt":"2014-12-23T09:52:16","guid":{"rendered":"https:\/\/www.anjou-navigation.fr\/mentions-legales-2\/"},"modified":"2021-11-25T16:16:55","modified_gmt":"2021-11-25T15:16:55","slug":"mentions-legales","status":"publish","type":"page","link":"https:\/\/www.anjou-navigation.fr\/en\/mentions-legales\/","title":{"rendered":"Legal information"},"content":{"rendered":"<h3>\u00c9diteur<\/h3>\n<p>Ce site est \u00e9dit\u00e9 par Anjou Navigation , domicili\u00e9e \u00e0 l&#8217;adresse suivante :<br \/>\nQUAI NATIONAL<br \/>\n72300 SABLE SUR SARTHE<br \/>\nT\u00e9l\u00e9phone : 02 43 95 14 42<\/p>\n<h3>H\u00e9bergeur<\/h3>\n<p>GANDI SAS, Soci\u00e9t\u00e9 par Actions Simplifi\u00e9e<br \/>\nau capital de 300.000\u20ac<br \/>\nayant son si\u00e8ge social au<br \/>\n63-65 boulevard Massena \u00e0 Paris (75013) FRANCE,<br \/>\nimmatricul\u00e9e sous le num\u00e9ro 423 093 459 RCS PARIS<br \/>\nN\u00b0 TVA FR81423093459<br \/>\nT\u00e9l\u00e9phone : +33.(0) 1 70.37.76.61<br \/>\nT\u00e9l\u00e9copie +33.(0) 1 43 73 18 51<\/p>\n<h3>Propri\u00e9t\u00e9 Intellectuelle<\/h3>\n<p>L\u2019acc\u00e8s au site https:\/\/www.anjou-navigation.fr vous conf\u00e8re un droit d\u2019usage priv\u00e9 et non exclusif de ce site. Le pr\u00e9sent site et l\u2019ensemble des \u00e9l\u00e9ments qui y sont \u00e9dit\u00e9s incluant notamment les textes, photographies, illustrations, logos, marques, \u2026 sont la propri\u00e9t\u00e9 de https:\/\/www.anjou-navigation.fr au titre des l\u00e9gislations sur les droits d\u2019auteur et de la propri\u00e9t\u00e9 intellectuelle. Sauf autorisation expresse du Directeur de la publication, la modification, la reproduction, la repr\u00e9sentation et le t\u00e9l\u00e9chargement de tout ou partie de ce site, sur quelque support que ce soit, pour un usage autre que priv\u00e9, sont formellement interdits sous peine de poursuite.<\/p>\n<h3>Donn\u00e9es Personnelles<\/h3>\n<p>Certaines donn\u00e9es personnelles (nom, adresse, e-mail, \u2026) vous concernant devront obligatoirement vous \u00eatre demand\u00e9es, afin de vous faire profiter des services propos\u00e9s par le site https:\/\/www.anjou-navigation.fr. Il s\u2019agira notamment de l\u2019envoi de la newsletter. Anjou Navigation s\u2019engage \u00e0 respecter votre vie priv\u00e9e et \u00e0 prot\u00e9ger les informations que vous lui communiquez. Au cas pr\u00e9sent, les donn\u00e9es personnelles collect\u00e9es sur https:\/\/www.anjou-navigation.fr sont destin\u00e9es \u00e0 des fins de gestion et pour des op\u00e9rations de marketing direct initi\u00e9s par Anjou Navigation.<\/p>\n<h3>Transmission de vos donn\u00e9es personnelles<\/h3>\n<p>Les donn\u00e9es personnelles recueillies sur le site https:\/\/www.anjou-navigation.fr pourront \u00eatre communiqu\u00e9es aux autres entit\u00e9s de paillard Kit, ainsi qu\u2019\u00e0 des partenaires ext\u00e9rieurs dans le cadre exclusif de l\u2019exploitation du site https:\/\/www.anjou-navigation.fr.<br \/>\nAucune autre communication \u00e0 des entreprises ext\u00e9rieures n\u2019est envisag\u00e9e \u00e0 l\u2019exception de celle permettant de satisfaire aux obligations l\u00e9gales et r\u00e9glementaires, ou \u00e0 la demande d\u2019une administration ou d\u2019une autorit\u00e9 judiciaire.<\/p>\n<h3>Droit d\u2019acces et de rectification<\/h3>\n<p>Conform\u00e9ment \u00e0 la Loi Informatique et Libert\u00e9s du 6 janvier 1978, vous disposez d\u2019un droit d\u2019acc\u00e8s, de rectification, de modification et de suppression concernant les donn\u00e9es personnelles que vous aurez transmises sur https:\/\/www.anjou-navigation.fr.<br \/>\nSi vous \u00eates abonn\u00e9 \u00e0 la newsletter, vous pouvez \u00e9galement demander \u00e0 ne plus recevoir ces supports en suivant les instructions qui figureront \u00e0 la fin de chacune des newsletters adress\u00e9es.<br \/>\nCes mentions peuvent \u00eatre amen\u00e9es \u00e0 \u00e9voluer dans le temps. Nous vous invitons \u00e0 les consulter r\u00e9guli\u00e8rement.<\/p>\n<h3>Contact Technique<\/h3>\n<p>Richard ZUBER : contact@23e.fr<br \/>\nSite r\u00e9alis\u00e9 par:<\/p>\n<p>23e homme<br \/>\nS.A.R.L. au capital de 5000,00 \u20ac enregistr\u00e9e \u00e0 l\u2019INSEE, domicili\u00e9e au :<br \/>\n2, rue de la Roberderie<br \/>\nZI Bellitourne<br \/>\n53200 CHATEAU-GONTIER<br \/>\nFrance<br \/>\nN Siret : 504 978 370 00014<br \/>\nCode APE : 7021Z<br \/>\nActivit\u00e9 principale : Conseil en relations publiques et communication<br \/>\nSite r\u00e9alis\u00e9 sous WordPress<\/p>\n","protected":false},"excerpt":{"rendered":"<p>\u00c9diteur Ce site est \u00e9dit\u00e9 par Anjou Navigation , domicili\u00e9e \u00e0 l&#8217;adresse suivante : QUAI NATIONAL 72300 SABLE SUR SARTHE T\u00e9l\u00e9phone : 02 43 95 14 42 H\u00e9bergeur GANDI SAS, Soci\u00e9t\u00e9 par Actions Simplifi\u00e9e au capital de 300.000\u20ac ayant son si\u00e8ge social au 63-65 boulevard Massena \u00e0 Paris (75013) FRANCE, immatricul\u00e9e sous le num\u00e9ro 423 [&hellip;]<\/p>\n","protected":false},"author":1,"featured_media":0,"parent":0,"menu_order":0,"comment_status":"open","ping_status":"open","template":"elementor_header_footer","meta":{"_acf_changed":false,"om_disable_all_campaigns":false,"_monsterinsights_skip_tracking":false,"_monsterinsights_sitenote_active":false,"_monsterinsights_sitenote_note":"","_monsterinsights_sitenote_category":0,"_uf_show_specific_survey":0,"_uf_disable_surveys":false,"footnotes":""},"class_list":["post-1938","page","type-page","status-publish","hentry"],"acf":[],"aioseo_notices":[],"yoast_head":"<!-- This site is optimized with the Yoast SEO plugin v26.7 - https:\/\/yoast.com\/wordpress\/plugins\/seo\/ -->\n<title>Mentions l\u00e9gales site web Anjou Navigation<\/title>\n<meta name=\"description\" content=\"Mentions l\u00e9gales du site internet version fran\u00e7aise Anjou Navigation.La soci\u00e9t\u00e9 sp\u00e9cialis\u00e9e dans la location de bateau sans permis pour le tourisme fluvial\" \/>\n<meta name=\"robots\" content=\"index, follow, max-snippet:-1, max-image-preview:large, max-video-preview:-1\" \/>\n<link rel=\"canonical\" href=\"https:\/\/www.anjou-navigation.fr\/en\/mentions-legales\/\" \/>\n<meta property=\"og:locale\" content=\"en_US\" \/>\n<meta property=\"og:type\" content=\"article\" \/>\n<meta property=\"og:title\" content=\"Mentions l\u00e9gales site web Anjou Navigation\" \/>\n<meta property=\"og:description\" content=\"Mentions l\u00e9gales du site internet version fran\u00e7aise Anjou Navigation.La soci\u00e9t\u00e9 sp\u00e9cialis\u00e9e dans la location de bateau sans permis pour le tourisme fluvial\" \/>\n<meta property=\"og:url\" content=\"https:\/\/www.anjou-navigation.fr\/en\/mentions-legales\/\" \/>\n<meta property=\"og:site_name\" content=\"Anjou Navigation\" \/>\n<meta property=\"article:modified_time\" content=\"2021-11-25T15:16:55+00:00\" \/>\n<meta name=\"twitter:label1\" content=\"Est. reading time\" \/>\n\t<meta name=\"twitter:data1\" content=\"2 minutes\" \/>\n<script type=\"application\/ld+json\" class=\"yoast-schema-graph\">{\"@context\":\"https:\/\/schema.org\",\"@graph\":[{\"@type\":\"WebPage\",\"@id\":\"https:\/\/www.anjou-navigation.fr\/en\/mentions-legales\/\",\"url\":\"https:\/\/www.anjou-navigation.fr\/en\/mentions-legales\/\",\"name\":\"Mentions l\u00e9gales site web Anjou Navigation\",\"isPartOf\":{\"@id\":\"https:\/\/www.anjou-navigation.fr\/#website\"},\"datePublished\":\"2014-12-23T09:52:16+00:00\",\"dateModified\":\"2021-11-25T15:16:55+00:00\",\"description\":\"Mentions l\u00e9gales du site internet version fran\u00e7aise Anjou Navigation.La soci\u00e9t\u00e9 sp\u00e9cialis\u00e9e dans la location de bateau sans permis pour le tourisme fluvial\",\"inLanguage\":\"en-US\",\"potentialAction\":[{\"@type\":\"ReadAction\",\"target\":[\"https:\/\/www.anjou-navigation.fr\/en\/mentions-legales\/\"]}]},{\"@type\":\"WebSite\",\"@id\":\"https:\/\/www.anjou-navigation.fr\/#website\",\"url\":\"https:\/\/www.anjou-navigation.fr\/\",\"name\":\"Anjou Navigation\",\"description\":\"Self-drive boats hire\",\"publisher\":{\"@id\":\"https:\/\/www.anjou-navigation.fr\/#organization\"},\"potentialAction\":[{\"@type\":\"SearchAction\",\"target\":{\"@type\":\"EntryPoint\",\"urlTemplate\":\"https:\/\/www.anjou-navigation.fr\/?s={search_term_string}\"},\"query-input\":{\"@type\":\"PropertyValueSpecification\",\"valueRequired\":true,\"valueName\":\"search_term_string\"}}],\"inLanguage\":\"en-US\"},{\"@type\":\"Organization\",\"@id\":\"https:\/\/www.anjou-navigation.fr\/#organization\",\"name\":\"Anjou Navigation\",\"url\":\"https:\/\/www.anjou-navigation.fr\/\",\"logo\":{\"@type\":\"ImageObject\",\"inLanguage\":\"en-US\",\"@id\":\"https:\/\/www.anjou-navigation.fr\/#\/schema\/logo\/image\/\",\"url\":\"https:\/\/www.anjou-navigation.fr\/wp-content\/uploads\/2023\/02\/anjou-nav-longeur-blanc.png\",\"contentUrl\":\"https:\/\/www.anjou-navigation.fr\/wp-content\/uploads\/2023\/02\/anjou-nav-longeur-blanc.png\",\"width\":2100,\"height\":2099,\"caption\":\"Anjou Navigation\"},\"image\":{\"@id\":\"https:\/\/www.anjou-navigation.fr\/#\/schema\/logo\/image\/\"}}]}<\/script>\n<!-- \/ Yoast SEO plugin. -->","yoast_head_json":{"title":"Mentions l\u00e9gales site web Anjou Navigation","description":"Mentions l\u00e9gales du site internet version fran\u00e7aise Anjou Navigation.La soci\u00e9t\u00e9 sp\u00e9cialis\u00e9e dans la location de bateau sans permis pour le tourisme fluvial","robots":{"index":"index","follow":"follow","max-snippet":"max-snippet:-1","max-image-preview":"max-image-preview:large","max-video-preview":"max-video-preview:-1"},"canonical":"https:\/\/www.anjou-navigation.fr\/en\/mentions-legales\/","og_locale":"en_US","og_type":"article","og_title":"Mentions l\u00e9gales site web Anjou Navigation","og_description":"Mentions l\u00e9gales du site internet version fran\u00e7aise Anjou Navigation.La soci\u00e9t\u00e9 sp\u00e9cialis\u00e9e dans la location de bateau sans permis pour le tourisme fluvial","og_url":"https:\/\/www.anjou-navigation.fr\/en\/mentions-legales\/","og_site_name":"Anjou Navigation","article_modified_time":"2021-11-25T15:16:55+00:00","twitter_misc":{"Est. reading time":"2 minutes"},"schema":{"@context":"https:\/\/schema.org","@graph":[{"@type":"WebPage","@id":"https:\/\/www.anjou-navigation.fr\/en\/mentions-legales\/","url":"https:\/\/www.anjou-navigation.fr\/en\/mentions-legales\/","name":"Mentions l\u00e9gales site web Anjou Navigation","isPartOf":{"@id":"https:\/\/www.anjou-navigation.fr\/#website"},"datePublished":"2014-12-23T09:52:16+00:00","dateModified":"2021-11-25T15:16:55+00:00","description":"Mentions l\u00e9gales du site internet version fran\u00e7aise Anjou Navigation.La soci\u00e9t\u00e9 sp\u00e9cialis\u00e9e dans la location de bateau sans permis pour le tourisme fluvial","inLanguage":"en-US","potentialAction":[{"@type":"ReadAction","target":["https:\/\/www.anjou-navigation.fr\/en\/mentions-legales\/"]}]},{"@type":"WebSite","@id":"https:\/\/www.anjou-navigation.fr\/#website","url":"https:\/\/www.anjou-navigation.fr\/","name":"Anjou Navigation","description":"Self-drive boats hire","publisher":{"@id":"https:\/\/www.anjou-navigation.fr\/#organization"},"potentialAction":[{"@type":"SearchAction","target":{"@type":"EntryPoint","urlTemplate":"https:\/\/www.anjou-navigation.fr\/?s={search_term_string}"},"query-input":{"@type":"PropertyValueSpecification","valueRequired":true,"valueName":"search_term_string"}}],"inLanguage":"en-US"},{"@type":"Organization","@id":"https:\/\/www.anjou-navigation.fr\/#organization","name":"Anjou Navigation","url":"https:\/\/www.anjou-navigation.fr\/","logo":{"@type":"ImageObject","inLanguage":"en-US","@id":"https:\/\/www.anjou-navigation.fr\/#\/schema\/logo\/image\/","url":"https:\/\/www.anjou-navigation.fr\/wp-content\/uploads\/2023\/02\/anjou-nav-longeur-blanc.png","contentUrl":"https:\/\/www.anjou-navigation.fr\/wp-content\/uploads\/2023\/02\/anjou-nav-longeur-blanc.png","width":2100,"height":2099,"caption":"Anjou Navigation"},"image":{"@id":"https:\/\/www.anjou-navigation.fr\/#\/schema\/logo\/image\/"}}]}},"_links":{"self":[{"href":"https:\/\/www.anjou-navigation.fr\/en\/wp-json\/wp\/v2\/pages\/1938","targetHints":{"allow":["GET"]}}],"collection":[{"href":"https:\/\/www.anjou-navigation.fr\/en\/wp-json\/wp\/v2\/pages"}],"about":[{"href":"https:\/\/www.anjou-navigation.fr\/en\/wp-json\/wp\/v2\/types\/page"}],"author":[{"embeddable":true,"href":"https:\/\/www.anjou-navigation.fr\/en\/wp-json\/wp\/v2\/users\/1"}],"replies":[{"embeddable":true,"href":"https:\/\/www.anjou-navigation.fr\/en\/wp-json\/wp\/v2\/comments?post=1938"}],"version-history":[{"count":1,"href":"https:\/\/www.anjou-navigation.fr\/en\/wp-json\/wp\/v2\/pages\/1938\/revisions"}],"predecessor-version":[{"id":10306,"href":"https:\/\/www.anjou-navigation.fr\/en\/wp-json\/wp\/v2\/pages\/1938\/revisions\/10306"}],"wp:attachment":[{"href":"https:\/\/www.anjou-navigation.fr\/en\/wp-json\/wp\/v2\/media?parent=1938"}],"curies":[{"name":"wp","href":"https:\/\/api.w.org\/{rel}","templated":true}]}}